{"id":677,"date":"2022-08-04T12:40:19","date_gmt":"2022-08-04T17:40:19","guid":{"rendered":"https:\/\/www.comisionmutis.com\/?page_id=677"},"modified":"2023-10-31T11:28:06","modified_gmt":"2023-10-31T16:28:06","slug":"agenda-2022","status":"publish","type":"page","link":"https:\/\/www.comisionmutis.com\/?page_id=677","title":{"rendered":"Semana Mutisiana 2022"},"content":{"rendered":"\t\t<div data-elementor-type=\"wp-page\" data-elementor-id=\"677\" class=\"elementor elementor-677\" data-elementor-post-type=\"page\">\n\t\t\t\t\t\t<section class=\"elementor-section elementor-top-section elementor-element elementor-element-7ac889f elementor-section-boxed elementor-section-height-default elementor-section-height-default\" data-id=\"7ac889f\" data-element_type=\"section\">\n\t\t\t\t\t\t<div class=\"elementor-container elementor-column-gap-default\">\n\t\t\t\t\t<div class=\"elementor-column elementor-col-100 elementor-top-column elementor-element elementor-element-5f53ddd\" data-id=\"5f53ddd\" data-element_type=\"column\">\n\t\t\t<div class=\"elementor-widget-wrap elementor-element-populated\">\n\t\t\t\t\t\t<div class=\"elementor-element elementor-element-8f27adc elementor-tabs-view-horizontal elementor-widget elementor-widget-tabs\" data-id=\"8f27adc\" data-element_type=\"widget\" data-widget_type=\"tabs.default\">\n\t\t\t\t<div class=\"elementor-widget-container\">\n\t\t\t\t\t\t\t<div class=\"elementor-tabs\">\n\t\t\t<div class=\"elementor-tabs-wrapper\" role=\"tablist\" >\n\t\t\t\t\t\t\t\t\t<div id=\"elementor-tab-title-1501\" class=\"elementor-tab-title elementor-tab-desktop-title\" aria-selected=\"true\" data-tab=\"1\" role=\"tab\" tabindex=\"0\" aria-controls=\"elementor-tab-content-1501\" aria-expanded=\"false\">Martes 6 de septiembre<\/div>\n\t\t\t\t\t\t\t\t\t<div id=\"elementor-tab-title-1502\" class=\"elementor-tab-title elementor-tab-desktop-title\" aria-selected=\"false\" data-tab=\"2\" role=\"tab\" tabindex=\"-1\" aria-controls=\"elementor-tab-content-1502\" aria-expanded=\"false\">Mi\u00e9rcoles 7 de Septiembre<\/div>\n\t\t\t\t\t\t\t\t\t<div id=\"elementor-tab-title-1503\" class=\"elementor-tab-title elementor-tab-desktop-title\" aria-selected=\"false\" data-tab=\"3\" role=\"tab\" tabindex=\"-1\" aria-controls=\"elementor-tab-content-1503\" aria-expanded=\"false\">Jueves 8 de Septiembre<\/div>\n\t\t\t\t\t\t\t\t\t<div id=\"elementor-tab-title-1504\" class=\"elementor-tab-title elementor-tab-desktop-title\" aria-selected=\"false\" data-tab=\"4\" role=\"tab\" tabindex=\"-1\" aria-controls=\"elementor-tab-content-1504\" aria-expanded=\"false\">S\u00e1bado 10 de Septiembre<\/div>\n\t\t\t\t\t\t\t\t\t<div id=\"elementor-tab-title-1505\" class=\"elementor-tab-title elementor-tab-desktop-title\" aria-selected=\"false\" data-tab=\"5\" role=\"tab\" tabindex=\"-1\" aria-controls=\"elementor-tab-content-1505\" aria-expanded=\"false\">Domingo 11 de Septiembre<\/div>\n\t\t\t\t\t\t\t<\/div>\n\t\t\t<div class=\"elementor-tabs-content-wrapper\" role=\"tablist\" aria-orientation=\"vertical\">\n\t\t\t\t\t\t\t\t\t<div class=\"elementor-tab-title elementor-tab-mobile-title\" aria-selected=\"true\" data-tab=\"1\" role=\"tab\" tabindex=\"0\" aria-controls=\"elementor-tab-content-1501\" aria-expanded=\"false\">Martes 6 de septiembre<\/div>\n\t\t\t\t\t<div id=\"elementor-tab-content-1501\" class=\"elementor-tab-content elementor-clearfix\" data-tab=\"1\" role=\"tabpanel\" aria-labelledby=\"elementor-tab-title-1501\" tabindex=\"0\" hidden=\"false\"><h1>Martes 6 de septiembre<\/h1><h4>UNIMINUTO\u00a0 -Sede Calle 80<\/h4><h2><strong>Seminario de Estudios Mutisianos<\/strong><\/h2><p>\u00a0<\/p><p><span style=\"text-decoration: underline;\"><strong>8:00 a 9:00 a.m.<\/strong><\/span><\/p><p>Palabras de bienvenida<br \/>Mutis Sacerdote<br \/><em>Padre Diego Jaramillo Cuartas, cjm &#8211; Presidente Comisi\u00f3n Mutis <a href=\"https:\/\/www.comisionmutis.com\/?p=1796\" target=\"_blank\" rel=\"noopener\">Rev\u00edvelo \u00bb<\/a><\/em><\/p><p><span style=\"text-decoration: underline;\"><strong>9:00 a 10:00 a.m.<\/strong><\/span><\/p><p>Don Jayme Navarro: el m\u00e9dico que viaj\u00f3 con Mutis al Nuevo Reino de Granada<span class=\"Apple-converted-space\">.<br \/><\/span><em>Alberto G\u00f3mez Guti\u00e9rrez &#8211; Coordinador Acad\u00e9mico de la Comisi\u00f3n Mutis<span class=\"Apple-converted-space\"> <a href=\"https:\/\/www.comisionmutis.com\/?p=1796\" target=\"_blank\" rel=\"noopener\">Rev\u00edvelo \u00bb<\/a><\/span><\/em><\/p><p><em><strong><span style=\"text-decoration: underline;\">10:00 a 10:30 a.m<\/span> Pausa Caf\u00e9<\/strong><\/em><\/p><p><span style=\"text-decoration: underline;\"><strong>10:30 a 11:30 a.m.<\/strong><\/span> Sobre el buen uso del delirio: Mutis y las artes de curar en el Nuevo Reino de Granada<br \/><em>Adriana Alzate Echeverri &#8211; Profesora titular de Escuela de Ciencias Humanas &#8211; Universidad del Rosario\u00a0 <a href=\"https:\/\/www.comisionmutis.com\/?p=1796\" target=\"_blank\" rel=\"noopener\">Rev\u00edvelo \u00bb<\/a><\/em><\/p><p><span style=\"text-decoration: underline;\"><strong>11:30 a 12:30 m.<\/strong><\/span> Proyecci\u00f3n contempor\u00e1nea de la Sociedad Econ\u00f3mica de Amigos del Pa\u00eds de Jos\u00e9 Celestino Mutis<br \/><em>V\u00edctor Hugo Malag\u00f3n &#8211; Foro de Presidentes <a href=\"https:\/\/www.comisionmutis.com\/?p=1796\" target=\"_blank\" rel=\"noopener\">Rev\u00edvelo \u00bb<\/a><\/em><\/p><p><strong><span style=\"text-decoration: underline;\">12:30 &#8211; 2:30 p.m.<\/span><\/strong><\/p><p><strong><em>Sesi\u00f3n de la Comisi\u00f3n Mutis &#8211; Almuerzo<\/em><\/strong><\/p><h2>Inauguraci\u00f3n Semana Mutisiana<\/h2><p><strong><span style=\"text-decoration: underline;\">3:00 &#8211; 5:00 p.m.<\/span><\/strong><\/p><p>Exposici\u00f3n &#8220;Mutis Vive&#8221; &#8211; UNIMINUTO. &#8211; <a href=\"https:\/\/www.comisionmutis.com\/?page_id=1546\" target=\"_blank\" rel=\"noopener\">Con\u00f3cela <strong class=\"nounderlines\">\u00bb<\/strong><\/a><\/p><p>Palabras de apertura Padre <em>Diego Jaramillo, cjm.<\/em><\/p><p class=\"p3\">Reconocimiento especial a la vida y obra del Sabio Mutis, resaltando aspectos de su trabajo en diversos campos del conocimiento, desde su presencia en el Nuevo Reino de Granada, haciendo realidad la Real Expedici\u00f3n Bot\u00e1nica para dar gloria y honor a la corona espa\u00f1ola, hasta la construcci\u00f3n del primer observatorio de Suram\u00e9rica.<\/p><\/div>\n\t\t\t\t\t\t\t\t\t<div class=\"elementor-tab-title elementor-tab-mobile-title\" aria-selected=\"false\" data-tab=\"2\" role=\"tab\" tabindex=\"-1\" aria-controls=\"elementor-tab-content-1502\" aria-expanded=\"false\">Mi\u00e9rcoles 7 de Septiembre<\/div>\n\t\t\t\t\t<div id=\"elementor-tab-content-1502\" class=\"elementor-tab-content elementor-clearfix\" data-tab=\"2\" role=\"tabpanel\" aria-labelledby=\"elementor-tab-title-1502\" tabindex=\"0\" hidden=\"hidden\"><h1>Mi\u00e9rcoles 7 de septiembre<\/h1><h4>Jard\u00edn Bot\u00e1nico de Bogot\u00e1 Jos\u00e9 Celestino Mutis<\/h4><h2>Plantas, historias y algo m\u00e1s: Mutis un camino que apenas comienza<\/h2><p><span style=\"text-decoration: underline;\"><strong>8:00 a 8:30 a.m.<\/strong><\/span><\/p><p>Presentaci\u00f3n <br \/><em>Martha Liliana Perdomo<\/em><br \/><em>Directora Jard\u00edn Bot\u00e1nico Jos\u00e9 Celestino Mutis.<\/em><\/p><p><span style=\"text-decoration: underline;\"><strong>8:30 a 10:00 a.m.<\/strong><\/span><\/p><p>Exposici\u00f3n plantas vivas asociadas con la Real Expedici\u00f3n Bot\u00e1nica <br \/>T\u00e9 de Bogot\u00e1 &#8211; <em>Mutisia clematis\u00a0<\/em> &#8211; Quinas Tropicario (Jard\u00edn Bot\u00e1nico Jos\u00e9 Celestino Mutis)<\/p><p><span style=\"text-decoration: underline;\"><strong>10:00 a 12:00 m.<\/strong><\/span><\/p><p>Cartas a Mutis<br \/>La expedici\u00f3n bot\u00e1nica contada a los ni\u00f1os<\/p><p class=\"p1\"><i>Presentaci\u00f3n a cargo de un grupo de ni\u00f1os y ni\u00f1as que contar\u00e1 algunas historias de la expedici\u00f3n, resaltando la importancia de personajes poco conocidos, pero muy importantes para su desarrollo<span class=\"Apple-converted-space\">\u00a0<\/span><\/i><\/p><p><strong>Almuerzo<\/strong><\/p><p><strong><span style=\"text-decoration: underline;\">12:01 &#8211; 2:00 p.m.<\/span><\/strong><\/p><p>Encuentro y reuni\u00f3n de la Comisi\u00f3n Mutis<\/p><\/div>\n\t\t\t\t\t\t\t\t\t<div class=\"elementor-tab-title elementor-tab-mobile-title\" aria-selected=\"false\" data-tab=\"3\" role=\"tab\" tabindex=\"-1\" aria-controls=\"elementor-tab-content-1503\" aria-expanded=\"false\">Jueves 8 de Septiembre<\/div>\n\t\t\t\t\t<div id=\"elementor-tab-content-1503\" class=\"elementor-tab-content elementor-clearfix\" data-tab=\"3\" role=\"tabpanel\" aria-labelledby=\"elementor-tab-title-1503\" tabindex=\"0\" hidden=\"hidden\"><h1>Jueves 8 de septiembre<\/h1><h4 class=\"p1\">Agroparque Sabio Mutis<span class=\"Apple-converted-space\">\u00a0 &#8211; Tena Cundinamarca<\/span><\/h4><h2>Mutis revisitado &#8211; <a href=\"https:\/\/www.comisionmutis.com\/?p=1716\">Revive los momentos aqu\u00ed<\/a><\/h2><p><span style=\"text-decoration: underline;\"><strong>9:45 a.m. &#8211; 10:00 a.m.<\/strong><\/span><\/p><p>Recepci\u00f3n <em>H\u00e9ctor L\u00f3pez &#8211; Director del Agroparque Sabio Mutis<\/em><\/p><p><span style=\"text-decoration: underline;\"><strong>10:00 a.m.<\/strong><\/span>\u00a0Izada de Bandera<\/p><p><span style=\"text-decoration: underline;\"><strong>10:10 a.m.<\/strong><\/span>\u00a0Palabras de Bienvenida<br \/><em>Padre Diego Jaramillo &#8211; Presidente de la Comisi\u00f3n Mutis<\/em><\/p><p><span style=\"text-decoration: underline;\"><strong>10:30 a.m.<\/strong><\/span>\u00a0Homenaje al historiador Isidoro Medina<br \/><em>Luis Carlos Vargas &#8211; Alcalde de Tena<\/em><\/p><p><span style=\"text-decoration: underline;\"><strong>10:50 a.m.<\/strong><\/span>\u00a0Caf\u00e9 del Tequendama<\/p><p><span style=\"text-decoration: underline;\"><strong>11:00 a.m.<\/strong><\/span> Nueva aproximaci\u00f3n a una bibliograf\u00eda mutisiana impresa y digital<br \/><em>Alberto G\u00f3mez Guti\u00e9rrez &#8211; Coordinador Acad\u00e9mico de la Comisi\u00f3n Mutis<\/em><\/p><p><strong><span style=\"text-decoration: underline;\">12:00 m.<\/span><\/strong> Presentaci\u00f3n y recorrido del Agroparque: Plazoleta de Mutis, Museo de las Comunicaciones, Orquidiario, Alambique, Casa del Caf\u00e9.\u00a0<\/p><p><em>H\u00e9ctor L\u00f3pez \u2013 Director del Agroparque Sabio Mutis<span class=\"Apple-converted-space\">\u00a0<\/span><\/em><\/p><p><strong><span style=\"text-decoration: underline;\">1:30 &#8211; 2:30 p.m. Almuerzo<\/span><\/strong><\/p><p><strong><span style=\"text-decoration: underline;\">2:30 p.m<\/span><\/strong>\u00a0Visita a los museos Rochereau, MANE y Casa del Sabio Mutis<span class=\"Apple-converted-space\">\u00a0<\/span><\/p><p><strong><span style=\"text-decoration: underline;\">3:30 p.m<\/span><\/strong>\u00a0Regreso a Bogot\u00e1<\/p><\/div>\n\t\t\t\t\t\t\t\t\t<div class=\"elementor-tab-title elementor-tab-mobile-title\" aria-selected=\"false\" data-tab=\"4\" role=\"tab\" tabindex=\"-1\" aria-controls=\"elementor-tab-content-1504\" aria-expanded=\"false\">S\u00e1bado 10 de Septiembre<\/div>\n\t\t\t\t\t<div id=\"elementor-tab-content-1504\" class=\"elementor-tab-content elementor-clearfix\" data-tab=\"4\" role=\"tabpanel\" aria-labelledby=\"elementor-tab-title-1504\" tabindex=\"0\" hidden=\"hidden\"><h1>S\u00e1bado 10 de septiembre<\/h1><h4 class=\"p1\">Universidad Am\u00e9rica &#8211; Ecocampus de los Cerros (Bogot\u00e1)<br \/>Avda. Circunvalar No. 20-53<\/h4><p>\u00a0<\/p><h2>Exactitud y Sociedad<\/h2><p><span style=\"text-decoration: underline;\"><strong>8:00 a 9:59 a.m.<\/strong><\/span><\/p><p>Palabras de Bienvenida<br \/><em>Luis Fernando Sanch\u00e9z Huertas &#8211; Director de investigaciones Universidad de Am\u00e9rica<\/em>.<\/p><p>Reunificaci\u00f3n de las ciencias exactas y las ciencias sociales.<br \/><em>Diana Madelen Galindres: &#8220;Del Tr\u00edvium e quadrivium al STEM + H&#8221;<\/em><\/p><h2>Sembrar un \u00e1rbol<\/h2><p><span style=\"text-decoration: underline;\"><strong>10:00 a 11:59 a.m.<\/strong><\/span><\/p><p>Ecocampus de los Cerros &#8211; Universidad de Am\u00e9rica <br \/><em>Luis Fernando S\u00e1nchez Huertas &#8211; Director de Investigaciones Universidad de Am\u00e9rica<\/em><\/p><p class=\"p1\"><i>Una actividad concreta de la semana ser\u00e1 invitar en el esp\u00edritu mutisiano a \u201csembrar un \u00e1rbol\u201d<span class=\"Apple-converted-space\">\u00a0<\/span><\/i><\/p><\/div>\n\t\t\t\t\t\t\t\t\t<div class=\"elementor-tab-title elementor-tab-mobile-title\" aria-selected=\"false\" data-tab=\"5\" role=\"tab\" tabindex=\"-1\" aria-controls=\"elementor-tab-content-1505\" aria-expanded=\"false\">Domingo 11 de Septiembre<\/div>\n\t\t\t\t\t<div id=\"elementor-tab-content-1505\" class=\"elementor-tab-content elementor-clearfix\" data-tab=\"5\" role=\"tabpanel\" aria-labelledby=\"elementor-tab-title-1505\" tabindex=\"0\" hidden=\"hidden\"><h1>Domingo 11 de septiembre<\/h1><h4 class=\"p1\">Universidad del Rosario &#8211; Claustro Sede Centro<span class=\"Apple-converted-space\">\u00a0<\/span><\/h4><h2><a href=\"https:\/\/www.urosario.edu.co\/Eventos\/Nuestra-U\/semana-Mutisiana-el-sabio-mutis-ayer-y-hoy\/\">&gt;&gt; Inscripciones &gt;&gt;<\/a><\/h2><p>\u00a0<\/p><h2>El Sabio Mutis: ayer y hoy<\/h2><p><span style=\"text-decoration: underline;\"><strong>10:00 a 11:15 a.m. &#8211; Aula M\u00e1xima<\/strong><\/span><\/p><p>Palabras de Bienvenida<br \/><em>Jos\u00e9 Alejandro Cheyne &#8211; Rector Universidad del Rosario.<\/em><\/p><p>El Sabio Mutis y su inmortal legado en el Rosario<br \/><em>Margarita Guzm\u00e1n &#8211; Directora del Museo de la Universidad del Rosario<\/em><\/p><p><span style=\"text-decoration: underline;\"><strong>11:15 a 12:30 p.m. &#8211; Teatrino<\/strong><\/span><\/p><p>&#8220;Expedici\u00f3n Bogot\u00e1nica&#8221; &#8211; Programa OAT<br \/><em>Cooperativa Coopmente &#8211; Universidad del Rosario<\/em><\/p><p><span style=\"text-decoration: underline;\"><strong>12:30 a 1:30 p.m. (Capilla de La Bordadita)<\/strong><\/span><\/p><p>Eucarist\u00eda en conmemoraci\u00f3n de los 214 a\u00f1os del fallecimiento del Sabio Mutis<br \/><em>Padre Diego Jaramillo Cuartas, cjm &#8211; Presidente de la Comisi\u00f3n Mutis<\/em><\/p><p>Visita al Mausoleo de Mutis<\/p><p><span style=\"text-decoration: underline;\"><strong>1:30 a 2:30 p.m. (Patio Central del Claustro)<\/strong><\/span><\/p><p>Brunch Mutisiano<\/p><h2>El Primer Observatorio Astron\u00f3mico de Am\u00e9rica: una obra mutisiana<\/h2><p><span style=\"text-decoration: underline;\"><strong>3:00 a 4:00 p.m. (Palacio de Nari\u00f1o)<\/strong><\/span><\/p><p>Visita al Observatorio Astron\u00f3mico &#8211; Palacio de Nari\u00f1o.<\/p><\/div>\n\t\t\t\t\t\t\t<\/div>\n\t\t<\/div>\n\t\t\t\t\t\t<\/div>\n\t\t\t\t<\/div>\n\t\t\t\t\t<\/div>\n\t\t<\/div>\n\t\t\t\t\t<\/div>\n\t\t<\/section>\n\t\t\t\t<\/div>\n\t\t","protected":false},"excerpt":{"rendered":"<p>Martes 6 de septiembre Mi\u00e9rcoles 7 de Septiembre Jueves 8 de Septiembre S\u00e1bado 10 de Septiembre Domingo 11 de Septiembre Martes 6 de septiembre Martes 6 de septiembre UNIMINUTO&nbsp; -Sede Calle 80 Seminario de Estudios Mutisianos 8:00 a 9:00 a.m. Palabras de bienvenida Mutis Sacerdote Padre Diego Jaramillo Cuartas, cjm \u2013 Presidente Comisi\u00f3n Mutis Rev\u00edvelo [&hellip;]<\/p>\n","protected":false},"author":3,"featured_media":0,"parent":0,"menu_order":0,"comment_status":"closed","ping_status":"closed","template":"","meta":{"footnotes":""},"class_list":["post-677","page","type-page","status-publish","hentry"],"_links":{"self":[{"href":"https:\/\/www.comisionmutis.com\/index.php?rest_route=\/wp\/v2\/pages\/677","targetHints":{"allow":["GET"]}}],"collection":[{"href":"https:\/\/www.comisionmutis.com\/index.php?rest_route=\/wp\/v2\/pages"}],"about":[{"href":"https:\/\/www.comisionmutis.com\/index.php?rest_route=\/wp\/v2\/types\/page"}],"author":[{"embeddable":true,"href":"https:\/\/www.comisionmutis.com\/index.php?rest_route=\/wp\/v2\/users\/3"}],"replies":[{"embeddable":true,"href":"https:\/\/www.comisionmutis.com\/index.php?rest_route=%2Fwp%2Fv2%2Fcomments&post=677"}],"version-history":[{"count":358,"href":"https:\/\/www.comisionmutis.com\/index.php?rest_route=\/wp\/v2\/pages\/677\/revisions"}],"predecessor-version":[{"id":2695,"href":"https:\/\/www.comisionmutis.com\/index.php?rest_route=\/wp\/v2\/pages\/677\/revisions\/2695"}],"wp:attachment":[{"href":"https:\/\/www.comisionmutis.com\/index.php?rest_route=%2Fwp%2Fv2%2Fmedia&parent=677"}],"curies":[{"name":"wp","href":"https:\/\/api.w.org\/{rel}","templated":true}]}}