{"id":2198,"date":"2023-03-22T09:34:08","date_gmt":"2023-03-22T14:34:08","guid":{"rendered":"https:\/\/www.comisionmutis.com\/?page_id=2198"},"modified":"2024-09-06T14:46:54","modified_gmt":"2024-09-06T19:46:54","slug":"publicaciones-2","status":"publish","type":"page","link":"https:\/\/www.comisionmutis.com\/?page_id=2198","title":{"rendered":"Publicaciones"},"content":{"rendered":"\t\t<div data-elementor-type=\"wp-page\" data-elementor-id=\"2198\" class=\"elementor elementor-2198\" data-elementor-post-type=\"page\">\n\t\t\t\t\t\t<section class=\"elementor-section elementor-top-section elementor-element elementor-element-a6162a6 elementor-section-boxed elementor-section-height-default elementor-section-height-default\" data-id=\"a6162a6\" data-element_type=\"section\">\n\t\t\t\t\t\t<div class=\"elementor-container elementor-column-gap-default\">\n\t\t\t\t\t<div class=\"elementor-column elementor-col-50 elementor-top-column elementor-element elementor-element-ec43e42\" data-id=\"ec43e42\" data-element_type=\"column\">\n\t\t\t<div class=\"elementor-widget-wrap elementor-element-populated\">\n\t\t\t\t\t\t<div class=\"elementor-element elementor-element-fa1c988 elementor-widget elementor-widget-image\" data-id=\"fa1c988\" data-element_type=\"widget\" data-widget_type=\"image.default\">\n\t\t\t\t<div class=\"elementor-widget-container\">\n\t\t\t\t\t\t\t\t\t\t\t\t\t\t\t<img fetchpriority=\"high\" decoding=\"async\" width=\"750\" height=\"1078\" src=\"https:\/\/www.comisionmutis.com\/wp-content\/uploads\/2023\/03\/Captura-de-Pantalla-2023-03-22-a-las-9.49.12-a.m.-768x1104.png\" class=\"attachment-medium_large size-medium_large wp-image-2205\" alt=\"Portada Libro Segunda Edici\u00f3n\" srcset=\"https:\/\/www.comisionmutis.com\/wp-content\/uploads\/2023\/03\/Captura-de-Pantalla-2023-03-22-a-las-9.49.12-a.m.-768x1104.png 768w, https:\/\/www.comisionmutis.com\/wp-content\/uploads\/2023\/03\/Captura-de-Pantalla-2023-03-22-a-las-9.49.12-a.m.-209x300.png 209w, https:\/\/www.comisionmutis.com\/wp-content\/uploads\/2023\/03\/Captura-de-Pantalla-2023-03-22-a-las-9.49.12-a.m.-712x1024.png 712w, https:\/\/www.comisionmutis.com\/wp-content\/uploads\/2023\/03\/Captura-de-Pantalla-2023-03-22-a-las-9.49.12-a.m.-81x116.png 81w, https:\/\/www.comisionmutis.com\/wp-content\/uploads\/2023\/03\/Captura-de-Pantalla-2023-03-22-a-las-9.49.12-a.m..png 918w\" sizes=\"(max-width: 750px) 100vw, 750px\" \/>\t\t\t\t\t\t\t\t\t\t\t\t\t\t\t<\/div>\n\t\t\t\t<\/div>\n\t\t\t\t<div class=\"elementor-element elementor-element-5214297 elementor-widget elementor-widget-text-editor\" data-id=\"5214297\" data-element_type=\"widget\" data-widget_type=\"text-editor.default\">\n\t\t\t\t<div class=\"elementor-widget-container\">\n\t\t\t\t\t\t\t\t\t<p>\u00a0<\/p><p><a href=\" https:\/\/repository.uniminuto.edu\/handle\/10656\/15215\" target=\"_blank\" rel=\"noopener\">Segunda Edici\u00f3n: Aproximaci\u00f3n a una Bibliograf\u00eda Mutisiana <b>\u00bb<\/b><\/a><\/p>\t\t\t\t\t\t\t\t<\/div>\n\t\t\t\t<\/div>\n\t\t\t\t\t<\/div>\n\t\t<\/div>\n\t\t\t\t<div class=\"elementor-column elementor-col-50 elementor-top-column elementor-element elementor-element-707f44f\" data-id=\"707f44f\" data-element_type=\"column\">\n\t\t\t<div class=\"elementor-widget-wrap elementor-element-populated\">\n\t\t\t\t\t\t<div class=\"elementor-element elementor-element-154bfce elementor-widget elementor-widget-image\" data-id=\"154bfce\" data-element_type=\"widget\" data-widget_type=\"image.default\">\n\t\t\t\t<div class=\"elementor-widget-container\">\n\t\t\t\t\t\t\t\t\t\t\t\t\t\t\t<img decoding=\"async\" width=\"750\" height=\"1053\" src=\"https:\/\/www.comisionmutis.com\/wp-content\/uploads\/2023\/03\/Captura-de-Pantalla-2023-03-22-a-las-9.56.45-a.m.-768x1078.png\" class=\"attachment-medium_large size-medium_large wp-image-2214\" alt=\"Portada Mutis Sacerdote\" srcset=\"https:\/\/www.comisionmutis.com\/wp-content\/uploads\/2023\/03\/Captura-de-Pantalla-2023-03-22-a-las-9.56.45-a.m.-768x1078.png 768w, https:\/\/www.comisionmutis.com\/wp-content\/uploads\/2023\/03\/Captura-de-Pantalla-2023-03-22-a-las-9.56.45-a.m.-214x300.png 214w, https:\/\/www.comisionmutis.com\/wp-content\/uploads\/2023\/03\/Captura-de-Pantalla-2023-03-22-a-las-9.56.45-a.m.-730x1024.png 730w, https:\/\/www.comisionmutis.com\/wp-content\/uploads\/2023\/03\/Captura-de-Pantalla-2023-03-22-a-las-9.56.45-a.m.-83x116.png 83w, https:\/\/www.comisionmutis.com\/wp-content\/uploads\/2023\/03\/Captura-de-Pantalla-2023-03-22-a-las-9.56.45-a.m..png 1042w\" sizes=\"(max-width: 750px) 100vw, 750px\" \/>\t\t\t\t\t\t\t\t\t\t\t\t\t\t\t<\/div>\n\t\t\t\t<\/div>\n\t\t\t\t<div class=\"elementor-element elementor-element-30d558b elementor-widget elementor-widget-text-editor\" data-id=\"30d558b\" data-element_type=\"widget\" data-widget_type=\"text-editor.default\">\n\t\t\t\t<div class=\"elementor-widget-container\">\n\t\t\t\t\t\t\t\t\t<p>\u00a0<\/p><p><a href=\"https:\/\/repository.uniminuto.edu\/handle\/10656\/16703\" target=\"_blank\" rel=\"noopener\">Jos\u00e9 Celestino Mutis sacerdote de dios y de la naturaleza <b>\u00bb<\/b><\/a><\/p>\t\t\t\t\t\t\t\t<\/div>\n\t\t\t\t<\/div>\n\t\t\t\t\t<\/div>\n\t\t<\/div>\n\t\t\t\t\t<\/div>\n\t\t<\/section>\n\t\t\t\t<section class=\"elementor-section elementor-top-section elementor-element elementor-element-44c1891 elementor-section-boxed elementor-section-height-default elementor-section-height-default\" data-id=\"44c1891\" data-element_type=\"section\">\n\t\t\t\t\t\t<div class=\"elementor-container elementor-column-gap-default\">\n\t\t\t\t\t<div class=\"elementor-column elementor-col-50 elementor-top-column elementor-element elementor-element-f0e7790\" data-id=\"f0e7790\" data-element_type=\"column\">\n\t\t\t<div class=\"elementor-widget-wrap elementor-element-populated\">\n\t\t\t\t\t\t<div class=\"elementor-element elementor-element-9eeee78 elementor-widget elementor-widget-image\" data-id=\"9eeee78\" data-element_type=\"widget\" data-widget_type=\"image.default\">\n\t\t\t\t<div class=\"elementor-widget-container\">\n\t\t\t\t\t\t\t\t\t\t\t\t\t\t\t<img decoding=\"async\" width=\"750\" height=\"1040\" src=\"https:\/\/www.comisionmutis.com\/wp-content\/uploads\/2023\/03\/Captura-de-Pantalla-2023-03-22-a-las-11.24.16-a.m.-768x1065.png\" class=\"attachment-medium_large size-medium_large wp-image-2223\" alt=\"Visiones y hallazgos\" srcset=\"https:\/\/www.comisionmutis.com\/wp-content\/uploads\/2023\/03\/Captura-de-Pantalla-2023-03-22-a-las-11.24.16-a.m.-768x1065.png 768w, https:\/\/www.comisionmutis.com\/wp-content\/uploads\/2023\/03\/Captura-de-Pantalla-2023-03-22-a-las-11.24.16-a.m.-216x300.png 216w, https:\/\/www.comisionmutis.com\/wp-content\/uploads\/2023\/03\/Captura-de-Pantalla-2023-03-22-a-las-11.24.16-a.m.-738x1024.png 738w, https:\/\/www.comisionmutis.com\/wp-content\/uploads\/2023\/03\/Captura-de-Pantalla-2023-03-22-a-las-11.24.16-a.m.-84x116.png 84w, https:\/\/www.comisionmutis.com\/wp-content\/uploads\/2023\/03\/Captura-de-Pantalla-2023-03-22-a-las-11.24.16-a.m..png 1044w\" sizes=\"(max-width: 750px) 100vw, 750px\" \/>\t\t\t\t\t\t\t\t\t\t\t\t\t\t\t<\/div>\n\t\t\t\t<\/div>\n\t\t\t\t<div class=\"elementor-element elementor-element-2581191 elementor-widget elementor-widget-text-editor\" data-id=\"2581191\" data-element_type=\"widget\" data-widget_type=\"text-editor.default\">\n\t\t\t\t<div class=\"elementor-widget-container\">\n\t\t\t\t\t\t\t\t\t<p>\u00a0<\/p><p><a href=\"https:\/\/repository.uniminuto.edu\/handle\/10656\/16704\" target=\"_blank\" rel=\"noopener\">Visiones y hallazgos de la tumba del sabio <b>\u00bb<\/b><\/a><\/p>\t\t\t\t\t\t\t\t<\/div>\n\t\t\t\t<\/div>\n\t\t\t\t\t<\/div>\n\t\t<\/div>\n\t\t\t\t<div class=\"elementor-column elementor-col-50 elementor-top-column elementor-element elementor-element-407a434\" data-id=\"407a434\" data-element_type=\"column\">\n\t\t\t<div class=\"elementor-widget-wrap elementor-element-populated\">\n\t\t\t\t\t\t<div class=\"elementor-element elementor-element-fb19bda elementor-widget elementor-widget-image\" data-id=\"fb19bda\" data-element_type=\"widget\" data-widget_type=\"image.default\">\n\t\t\t\t<div class=\"elementor-widget-container\">\n\t\t\t\t\t\t\t\t\t\t\t\t\t\t\t<img loading=\"lazy\" decoding=\"async\" width=\"750\" height=\"1058\" src=\"https:\/\/www.comisionmutis.com\/wp-content\/uploads\/2023\/03\/Captura-de-Pantalla-2023-03-22-a-las-9.51.43-a.m.-768x1083.png\" class=\"attachment-medium_large size-medium_large wp-image-2209\" alt=\"Portada Libro Agroparque Sabio Mutis\" srcset=\"https:\/\/www.comisionmutis.com\/wp-content\/uploads\/2023\/03\/Captura-de-Pantalla-2023-03-22-a-las-9.51.43-a.m.-768x1083.png 768w, https:\/\/www.comisionmutis.com\/wp-content\/uploads\/2023\/03\/Captura-de-Pantalla-2023-03-22-a-las-9.51.43-a.m.-213x300.png 213w, https:\/\/www.comisionmutis.com\/wp-content\/uploads\/2023\/03\/Captura-de-Pantalla-2023-03-22-a-las-9.51.43-a.m.-726x1024.png 726w, https:\/\/www.comisionmutis.com\/wp-content\/uploads\/2023\/03\/Captura-de-Pantalla-2023-03-22-a-las-9.51.43-a.m.-82x116.png 82w, https:\/\/www.comisionmutis.com\/wp-content\/uploads\/2023\/03\/Captura-de-Pantalla-2023-03-22-a-las-9.51.43-a.m..png 1042w\" sizes=\"(max-width: 750px) 100vw, 750px\" \/>\t\t\t\t\t\t\t\t\t\t\t\t\t\t\t<\/div>\n\t\t\t\t<\/div>\n\t\t\t\t<div class=\"elementor-element elementor-element-c338f95 elementor-widget elementor-widget-text-editor\" data-id=\"c338f95\" data-element_type=\"widget\" data-widget_type=\"text-editor.default\">\n\t\t\t\t<div class=\"elementor-widget-container\">\n\t\t\t\t\t\t\t\t\t<p>\u00a0<\/p><p><a target=\"_blank\" rel=\"noopener\">Agroparque sabio Mutis <b>\u00bb<\/b><\/a><\/p>\t\t\t\t\t\t\t\t<\/div>\n\t\t\t\t<\/div>\n\t\t\t\t\t<\/div>\n\t\t<\/div>\n\t\t\t\t\t<\/div>\n\t\t<\/section>\n\t\t\t\t<section class=\"elementor-section elementor-top-section elementor-element elementor-element-f66d312 elementor-section-boxed elementor-section-height-default elementor-section-height-default\" data-id=\"f66d312\" data-element_type=\"section\">\n\t\t\t\t\t\t<div class=\"elementor-container elementor-column-gap-default\">\n\t\t\t\t\t<div class=\"elementor-column elementor-col-50 elementor-top-column elementor-element elementor-element-f620042\" data-id=\"f620042\" data-element_type=\"column\">\n\t\t\t<div class=\"elementor-widget-wrap elementor-element-populated\">\n\t\t\t\t\t\t<div class=\"elementor-element elementor-element-5f4e3f9 elementor-widget elementor-widget-image\" data-id=\"5f4e3f9\" data-element_type=\"widget\" data-widget_type=\"image.default\">\n\t\t\t\t<div class=\"elementor-widget-container\">\n\t\t\t\t\t\t\t\t\t\t\t\t\t\t\t<img loading=\"lazy\" decoding=\"async\" width=\"750\" height=\"1061\" src=\"https:\/\/www.comisionmutis.com\/wp-content\/uploads\/2024\/09\/Captura-de-Pantalla-2024-09-05-a-las-3.36.38-p.m.-768x1086.png\" class=\"attachment-medium_large size-medium_large wp-image-2738\" alt=\"Los Mutis en Bucaramanga\" srcset=\"https:\/\/www.comisionmutis.com\/wp-content\/uploads\/2024\/09\/Captura-de-Pantalla-2024-09-05-a-las-3.36.38-p.m.-768x1086.png 768w, https:\/\/www.comisionmutis.com\/wp-content\/uploads\/2024\/09\/Captura-de-Pantalla-2024-09-05-a-las-3.36.38-p.m.-212x300.png 212w, https:\/\/www.comisionmutis.com\/wp-content\/uploads\/2024\/09\/Captura-de-Pantalla-2024-09-05-a-las-3.36.38-p.m.-724x1024.png 724w, https:\/\/www.comisionmutis.com\/wp-content\/uploads\/2024\/09\/Captura-de-Pantalla-2024-09-05-a-las-3.36.38-p.m.-82x116.png 82w, https:\/\/www.comisionmutis.com\/wp-content\/uploads\/2024\/09\/Captura-de-Pantalla-2024-09-05-a-las-3.36.38-p.m..png 972w\" sizes=\"(max-width: 750px) 100vw, 750px\" \/>\t\t\t\t\t\t\t\t\t\t\t\t\t\t\t<\/div>\n\t\t\t\t<\/div>\n\t\t\t\t<div class=\"elementor-element elementor-element-8e43add elementor-widget elementor-widget-text-editor\" data-id=\"8e43add\" data-element_type=\"widget\" data-widget_type=\"text-editor.default\">\n\t\t\t\t<div class=\"elementor-widget-container\">\n\t\t\t\t\t\t\t\t\t<p>\u00a0<\/p><p><a href=\"https:\/\/repository.uniminuto.edu\/handle\/10656\/19179\" target=\"_blank\" rel=\"noopener\">Los Mutis en Bucaramanga <b>\u00bb<\/b><\/a><\/p>\t\t\t\t\t\t\t\t<\/div>\n\t\t\t\t<\/div>\n\t\t\t\t\t<\/div>\n\t\t<\/div>\n\t\t\t\t<div class=\"elementor-column elementor-col-50 elementor-top-column elementor-element elementor-element-cec6a68\" data-id=\"cec6a68\" data-element_type=\"column\">\n\t\t\t<div class=\"elementor-widget-wrap elementor-element-populated\">\n\t\t\t\t\t\t<div class=\"elementor-element elementor-element-ddc830b elementor-widget elementor-widget-image\" data-id=\"ddc830b\" data-element_type=\"widget\" data-widget_type=\"image.default\">\n\t\t\t\t<div class=\"elementor-widget-container\">\n\t\t\t\t\t\t\t\t\t\t\t\t\t\t\t<img loading=\"lazy\" decoding=\"async\" width=\"750\" height=\"1091\" src=\"https:\/\/www.comisionmutis.com\/wp-content\/uploads\/2024\/09\/Captura-de-Pantalla-2024-09-06-a-las-2.26.40-p.m.-768x1117.png\" class=\"attachment-medium_large size-medium_large wp-image-2767\" alt=\"Jorge Tadeo Lozano en la Real Expedicio\u0301n Bot\u00e1nica del Nuevo Reino de Granada\" srcset=\"https:\/\/www.comisionmutis.com\/wp-content\/uploads\/2024\/09\/Captura-de-Pantalla-2024-09-06-a-las-2.26.40-p.m.-768x1117.png 768w, https:\/\/www.comisionmutis.com\/wp-content\/uploads\/2024\/09\/Captura-de-Pantalla-2024-09-06-a-las-2.26.40-p.m.-206x300.png 206w, https:\/\/www.comisionmutis.com\/wp-content\/uploads\/2024\/09\/Captura-de-Pantalla-2024-09-06-a-las-2.26.40-p.m.-704x1024.png 704w, https:\/\/www.comisionmutis.com\/wp-content\/uploads\/2024\/09\/Captura-de-Pantalla-2024-09-06-a-las-2.26.40-p.m.-80x116.png 80w, https:\/\/www.comisionmutis.com\/wp-content\/uploads\/2024\/09\/Captura-de-Pantalla-2024-09-06-a-las-2.26.40-p.m..png 890w\" sizes=\"(max-width: 750px) 100vw, 750px\" \/>\t\t\t\t\t\t\t\t\t\t\t\t\t\t\t<\/div>\n\t\t\t\t<\/div>\n\t\t\t\t<div class=\"elementor-element elementor-element-2d307e0 elementor-widget elementor-widget-text-editor\" data-id=\"2d307e0\" data-element_type=\"widget\" data-widget_type=\"text-editor.default\">\n\t\t\t\t<div class=\"elementor-widget-container\">\n\t\t\t\t\t\t\t\t\t<p>\u00a0<\/p><p><a href=\"https:\/\/www.utadeo.edu.co\/es\/publicacion\/libro\/editorial\/235\/jorge-tadeo-lozano-en-la-real-expedicion-botanica-del-nuevo-reino-de-granada\" target=\"_blank\" rel=\"noopener\">Jorge Tadeo Lozano en la Real Expedicio\u0301n Bot\u00e1nica del Nuevo Reino de Granada <b>\u00bb<\/b><\/a><\/p>\t\t\t\t\t\t\t\t<\/div>\n\t\t\t\t<\/div>\n\t\t\t\t\t<\/div>\n\t\t<\/div>\n\t\t\t\t\t<\/div>\n\t\t<\/section>\n\t\t\t\t<section class=\"elementor-section elementor-top-section elementor-element elementor-element-a925aad elementor-section-boxed elementor-section-height-default elementor-section-height-default\" data-id=\"a925aad\" data-element_type=\"section\">\n\t\t\t\t\t\t<div class=\"elementor-container elementor-column-gap-default\">\n\t\t\t\t\t<div class=\"elementor-column elementor-col-50 elementor-top-column elementor-element elementor-element-a2ed31a\" data-id=\"a2ed31a\" data-element_type=\"column\">\n\t\t\t<div class=\"elementor-widget-wrap\">\n\t\t\t\t\t\t\t<\/div>\n\t\t<\/div>\n\t\t\t\t<div class=\"elementor-column elementor-col-50 elementor-top-column elementor-element elementor-element-d397e93\" data-id=\"d397e93\" data-element_type=\"column\">\n\t\t\t<div class=\"elementor-widget-wrap elementor-element-populated\">\n\t\t\t\t\t\t<div class=\"elementor-element elementor-element-cce6170 elementor-widget elementor-widget-image\" data-id=\"cce6170\" data-element_type=\"widget\" data-widget_type=\"image.default\">\n\t\t\t\t<div class=\"elementor-widget-container\">\n\t\t\t\t\t\t\t\t\t\t\t\t\t\t\t<img loading=\"lazy\" decoding=\"async\" width=\"750\" height=\"1072\" src=\"https:\/\/www.comisionmutis.com\/wp-content\/uploads\/2024\/09\/Captura-de-Pantalla-2024-09-06-a-las-2.12.22-p.m.-768x1098.png\" class=\"attachment-medium_large size-medium_large wp-image-2761\" alt=\"El Fondo Jos\u00e9 Celestino Mutis en las colecciones de la Biblioteca Nacional de Colombia\" srcset=\"https:\/\/www.comisionmutis.com\/wp-content\/uploads\/2024\/09\/Captura-de-Pantalla-2024-09-06-a-las-2.12.22-p.m.-768x1098.png 768w, https:\/\/www.comisionmutis.com\/wp-content\/uploads\/2024\/09\/Captura-de-Pantalla-2024-09-06-a-las-2.12.22-p.m.-210x300.png 210w, https:\/\/www.comisionmutis.com\/wp-content\/uploads\/2024\/09\/Captura-de-Pantalla-2024-09-06-a-las-2.12.22-p.m.-716x1024.png 716w, https:\/\/www.comisionmutis.com\/wp-content\/uploads\/2024\/09\/Captura-de-Pantalla-2024-09-06-a-las-2.12.22-p.m.-81x116.png 81w, https:\/\/www.comisionmutis.com\/wp-content\/uploads\/2024\/09\/Captura-de-Pantalla-2024-09-06-a-las-2.12.22-p.m..png 902w\" sizes=\"(max-width: 750px) 100vw, 750px\" \/>\t\t\t\t\t\t\t\t\t\t\t\t\t\t\t<\/div>\n\t\t\t\t<\/div>\n\t\t\t\t<div class=\"elementor-element elementor-element-2ea2ebb elementor-widget elementor-widget-text-editor\" data-id=\"2ea2ebb\" data-element_type=\"widget\" data-widget_type=\"text-editor.default\">\n\t\t\t\t<div class=\"elementor-widget-container\">\n\t\t\t\t\t\t\t\t\t<p>\u00a0<\/p><p><a href=\"https:\/\/www.utadeo.edu.co\/sites\/tadeo\/files\/node\/publication\/field_attached_file\/pdf-_el_fondo_jose_celestino_mutis_-_completo-_04-04-24.pdf\" target=\"_blank\" rel=\"noopener\">El Fondo Jos\u00e9 Celestino Mutis en las colecciones de la Biblioteca Nacional de Colombia <b>\u00bb<\/b><\/a><\/p>\t\t\t\t\t\t\t\t<\/div>\n\t\t\t\t<\/div>\n\t\t\t\t\t<\/div>\n\t\t<\/div>\n\t\t\t\t\t<\/div>\n\t\t<\/section>\n\t\t\t\t<\/div>\n\t\t","protected":false},"excerpt":{"rendered":"<p>\u00a0 Segunda Edici\u00f3n: Aproximaci\u00f3n a una Bibliograf\u00eda Mutisiana \u00bb \u00a0 Jos\u00e9 Celestino Mutis sacerdote de dios y de la naturaleza \u00bb \u00a0 Visiones y hallazgos de la tumba del sabio \u00bb \u00a0 Agroparque sabio Mutis \u00bb \u00a0 Los Mutis en Bucaramanga \u00bb \u00a0 Jorge Tadeo Lozano en la Real Expedicio\u0301n Bot\u00e1nica del Nuevo Reino de [&hellip;]<\/p>\n","protected":false},"author":3,"featured_media":0,"parent":0,"menu_order":0,"comment_status":"closed","ping_status":"closed","template":"","meta":{"footnotes":""},"class_list":["post-2198","page","type-page","status-publish","hentry"],"_links":{"self":[{"href":"https:\/\/www.comisionmutis.com\/index.php?rest_route=\/wp\/v2\/pages\/2198","targetHints":{"allow":["GET"]}}],"collection":[{"href":"https:\/\/www.comisionmutis.com\/index.php?rest_route=\/wp\/v2\/pages"}],"about":[{"href":"https:\/\/www.comisionmutis.com\/index.php?rest_route=\/wp\/v2\/types\/page"}],"author":[{"embeddable":true,"href":"https:\/\/www.comisionmutis.com\/index.php?rest_route=\/wp\/v2\/users\/3"}],"replies":[{"embeddable":true,"href":"https:\/\/www.comisionmutis.com\/index.php?rest_route=%2Fwp%2Fv2%2Fcomments&post=2198"}],"version-history":[{"count":152,"href":"https:\/\/www.comisionmutis.com\/index.php?rest_route=\/wp\/v2\/pages\/2198\/revisions"}],"predecessor-version":[{"id":2780,"href":"https:\/\/www.comisionmutis.com\/index.php?rest_route=\/wp\/v2\/pages\/2198\/revisions\/2780"}],"wp:attachment":[{"href":"https:\/\/www.comisionmutis.com\/index.php?rest_route=%2Fwp%2Fv2%2Fmedia&parent=2198"}],"curies":[{"name":"wp","href":"https:\/\/api.w.org\/{rel}","templated":true}]}}