{"id":138,"date":"2017-05-11T09:45:07","date_gmt":"2017-05-11T09:45:07","guid":{"rendered":"https:\/\/colorlib.com\/newspaper-x\/?page_id=138"},"modified":"2023-02-23T08:15:25","modified_gmt":"2023-02-23T13:15:25","slug":"contact","status":"publish","type":"page","link":"https:\/\/www.comisionmutis.com\/?page_id=138","title":{"rendered":"Contacto"},"content":{"rendered":"\t\t<div data-elementor-type=\"wp-page\" data-elementor-id=\"138\" class=\"elementor elementor-138\" data-elementor-post-type=\"page\">\n\t\t\t\t\t\t<section class=\"elementor-section elementor-top-section elementor-element elementor-element-a2bb90a elementor-section-boxed elementor-section-height-default elementor-section-height-default\" data-id=\"a2bb90a\" data-element_type=\"section\">\n\t\t\t\t\t\t<div class=\"elementor-container elementor-column-gap-default\">\n\t\t\t\t\t<div class=\"elementor-column elementor-col-50 elementor-top-column elementor-element elementor-element-bf0bcdf\" data-id=\"bf0bcdf\" data-element_type=\"column\">\n\t\t\t<div class=\"elementor-widget-wrap elementor-element-populated\">\n\t\t\t\t\t\t<div class=\"elementor-element elementor-element-64076f6 elementor-widget elementor-widget-image\" data-id=\"64076f6\" data-element_type=\"widget\" data-widget_type=\"image.default\">\n\t\t\t\t<div class=\"elementor-widget-container\">\n\t\t\t\t\t\t\t\t\t\t\t\t\t\t\t<img fetchpriority=\"high\" decoding=\"async\" width=\"260\" height=\"200\" src=\"https:\/\/www.comisionmutis.com\/wp-content\/uploads\/2020\/01\/LEONIDAS-L\u00d3PEZ-FOTO-e1677158052721.jpg\" class=\"attachment-large size-large wp-image-406\" alt=\"LEONIDAS-L\u00d3PEZ-FOTO\" srcset=\"https:\/\/www.comisionmutis.com\/wp-content\/uploads\/2020\/01\/LEONIDAS-L\u00d3PEZ-FOTO-e1677158052721.jpg 260w, https:\/\/www.comisionmutis.com\/wp-content\/uploads\/2020\/01\/LEONIDAS-L\u00d3PEZ-FOTO-e1677158052721-151x116.jpg 151w\" sizes=\"(max-width: 260px) 100vw, 260px\" \/>\t\t\t\t\t\t\t\t\t\t\t\t\t\t\t<\/div>\n\t\t\t\t<\/div>\n\t\t\t\t\t<\/div>\n\t\t<\/div>\n\t\t\t\t<div class=\"elementor-column elementor-col-50 elementor-top-column elementor-element elementor-element-a7666d7\" data-id=\"a7666d7\" data-element_type=\"column\">\n\t\t\t<div class=\"elementor-widget-wrap elementor-element-populated\">\n\t\t\t\t\t\t<div class=\"elementor-element elementor-element-0a3da7c elementor-widget elementor-widget-text-editor\" data-id=\"0a3da7c\" data-element_type=\"widget\" data-widget_type=\"text-editor.default\">\n\t\t\t\t<div class=\"elementor-widget-container\">\n\t\t\t\t\t\t\t\t\t<h3><strong>Leonidas L\u00f3pez<\/strong><\/h3><p>Miembro de la Comisi\u00f3n Mutis<\/p><p>Correo Electr\u00f3nico: lopez.herran@gmail.com<\/p>\t\t\t\t\t\t\t\t<\/div>\n\t\t\t\t<\/div>\n\t\t\t\t\t<\/div>\n\t\t<\/div>\n\t\t\t\t\t<\/div>\n\t\t<\/section>\n\t\t\t\t<section class=\"elementor-section elementor-top-section elementor-element elementor-element-fd18866 elementor-section-boxed elementor-section-height-default elementor-section-height-default\" data-id=\"fd18866\" data-element_type=\"section\">\n\t\t\t\t\t\t<div class=\"elementor-container elementor-column-gap-default\">\n\t\t\t\t\t<div class=\"elementor-column elementor-col-50 elementor-top-column elementor-element elementor-element-fb7004b\" data-id=\"fb7004b\" data-element_type=\"column\">\n\t\t\t<div class=\"elementor-widget-wrap elementor-element-populated\">\n\t\t\t\t\t\t<div class=\"elementor-element elementor-element-96b7d28 elementor-widget elementor-widget-image\" data-id=\"96b7d28\" data-element_type=\"widget\" data-widget_type=\"image.default\">\n\t\t\t\t<div class=\"elementor-widget-container\">\n\t\t\t\t\t\t\t\t\t\t\t\t\t\t\t<img decoding=\"async\" width=\"251\" height=\"300\" src=\"https:\/\/www.comisionmutis.com\/wp-content\/uploads\/2023\/02\/WhatsApp-Image-2023-02-22-at-10.59.19-AM-e1677158190190-251x300.jpeg\" class=\"attachment-medium size-medium wp-image-1990\" alt=\"Letty Carolina P\u00e9rez\" srcset=\"https:\/\/www.comisionmutis.com\/wp-content\/uploads\/2023\/02\/WhatsApp-Image-2023-02-22-at-10.59.19-AM-e1677158190190-251x300.jpeg 251w, https:\/\/www.comisionmutis.com\/wp-content\/uploads\/2023\/02\/WhatsApp-Image-2023-02-22-at-10.59.19-AM-e1677158190190-858x1024.jpeg 858w, https:\/\/www.comisionmutis.com\/wp-content\/uploads\/2023\/02\/WhatsApp-Image-2023-02-22-at-10.59.19-AM-e1677158190190-768x917.jpeg 768w, https:\/\/www.comisionmutis.com\/wp-content\/uploads\/2023\/02\/WhatsApp-Image-2023-02-22-at-10.59.19-AM-e1677158190190-97x116.jpeg 97w, https:\/\/www.comisionmutis.com\/wp-content\/uploads\/2023\/02\/WhatsApp-Image-2023-02-22-at-10.59.19-AM-e1677158190190.jpeg 1199w\" sizes=\"(max-width: 251px) 100vw, 251px\" \/>\t\t\t\t\t\t\t\t\t\t\t\t\t\t\t<\/div>\n\t\t\t\t<\/div>\n\t\t\t\t\t<\/div>\n\t\t<\/div>\n\t\t\t\t<div class=\"elementor-column elementor-col-50 elementor-top-column elementor-element elementor-element-668bb04\" data-id=\"668bb04\" data-element_type=\"column\">\n\t\t\t<div class=\"elementor-widget-wrap elementor-element-populated\">\n\t\t\t\t\t\t<div class=\"elementor-element elementor-element-1f921a1 elementor-widget elementor-widget-text-editor\" data-id=\"1f921a1\" data-element_type=\"widget\" data-widget_type=\"text-editor.default\">\n\t\t\t\t<div class=\"elementor-widget-container\">\n\t\t\t\t\t\t\t\t\t<h3><strong>Letty Carolina P\u00e9rez<\/strong><\/h3><p>Coordinadora del Centro de Cultura Arte y Tradiciones -UNIMINUTO<\/p><p>Correo Electr\u00f3nico: letty.perez@unimimuto.edu<\/p>\t\t\t\t\t\t\t\t<\/div>\n\t\t\t\t<\/div>\n\t\t\t\t\t<\/div>\n\t\t<\/div>\n\t\t\t\t\t<\/div>\n\t\t<\/section>\n\t\t\t\t<\/div>\n\t\t","protected":false},"excerpt":{"rendered":"<p>Leonidas L\u00f3pez Miembro de la Comisi\u00f3n Mutis Correo Electr\u00f3nico: lopez.herran@gmail.com Letty Carolina P\u00e9rez Coordinadora del Centro de Cultura Arte y Tradiciones -UNIMINUTO Correo Electr\u00f3nico: letty.perez@unimimuto.edu<\/p>\n","protected":false},"author":2,"featured_media":0,"parent":0,"menu_order":0,"comment_status":"closed","ping_status":"closed","template":"","meta":{"footnotes":""},"class_list":["post-138","page","type-page","status-publish","hentry"],"_links":{"self":[{"href":"https:\/\/www.comisionmutis.com\/index.php?rest_route=\/wp\/v2\/pages\/138","targetHints":{"allow":["GET"]}}],"collection":[{"href":"https:\/\/www.comisionmutis.com\/index.php?rest_route=\/wp\/v2\/pages"}],"about":[{"href":"https:\/\/www.comisionmutis.com\/index.php?rest_route=\/wp\/v2\/types\/page"}],"author":[{"embeddable":true,"href":"https:\/\/www.comisionmutis.com\/index.php?rest_route=\/wp\/v2\/users\/2"}],"replies":[{"embeddable":true,"href":"https:\/\/www.comisionmutis.com\/index.php?rest_route=%2Fwp%2Fv2%2Fcomments&post=138"}],"version-history":[{"count":23,"href":"https:\/\/www.comisionmutis.com\/index.php?rest_route=\/wp\/v2\/pages\/138\/revisions"}],"predecessor-version":[{"id":2003,"href":"https:\/\/www.comisionmutis.com\/index.php?rest_route=\/wp\/v2\/pages\/138\/revisions\/2003"}],"wp:attachment":[{"href":"https:\/\/www.comisionmutis.com\/index.php?rest_route=%2Fwp%2Fv2%2Fmedia&parent=138"}],"curies":[{"name":"wp","href":"https:\/\/api.w.org\/{rel}","templated":true}]}}